{"id":49,"date":"2025-12-02T17:49:51","date_gmt":"2025-12-02T16:49:51","guid":{"rendered":"https:\/\/schraenkler.kuebler-webseite.de\/?page_id=49"},"modified":"2025-12-04T08:16:13","modified_gmt":"2025-12-04T07:16:13","slug":"aktuell","status":"publish","type":"page","link":"https:\/\/schraenkler-elektrotechnik.de\/?page_id=49","title":{"rendered":"Aktuell"},"content":{"rendered":"\t\t<div data-elementor-type=\"wp-page\" data-elementor-id=\"49\" class=\"elementor elementor-49\" data-elementor-post-type=\"page\">\n\t\t\t\t<div class=\"elementor-element elementor-element-446b6f73 e-con-full e-flex e-con e-parent\" data-id=\"446b6f73\" data-element_type=\"container\">\n\t\t\t\t<div class=\"elementor-element elementor-element-193443dc elementor--h-position-left elementor--v-position-bottom elementor-widget elementor-widget-slides\" data-id=\"193443dc\" data-element_type=\"widget\" data-settings=\"{&quot;navigation&quot;:&quot;none&quot;,&quot;autoplay&quot;:&quot;yes&quot;,&quot;autoplay_speed&quot;:5000,&quot;infinite&quot;:&quot;yes&quot;,&quot;transition&quot;:&quot;slide&quot;,&quot;transition_speed&quot;:500}\" data-widget_type=\"slides.default\">\n\t\t\t\t\t\t\t\t\t\t<div class=\"elementor-slides-wrapper elementor-main-swiper swiper\" role=\"region\" aria-roledescription=\"carousel\" aria-label=\"Slides\" dir=\"ltr\" data-animation=\"fadeInUp\">\n\t\t\t\t<div class=\"swiper-wrapper elementor-slides\">\n\t\t\t\t\t\t\t\t\t\t<div class=\"elementor-repeater-item-9a8c82a swiper-slide\" role=\"group\" aria-roledescription=\"slide\"><div class=\"swiper-slide-bg elementor-ken-burns elementor-ken-burns--in\" role=\"img\" aria-label=\"00018423\"><\/div><div class=\"elementor-background-overlay\"><\/div><div class=\"swiper-slide-inner\" ><div class=\"swiper-slide-contents\"><div class=\"elementor-slide-heading\">Schr\u00e4nkler Elektrotechnik<\/div><div class=\"elementor-slide-description\">seit \u00fcber 30 Jahren<\/div><\/div><\/div><\/div>\t\t\t\t<\/div>\n\t\t\t\t\t\t\t<\/div>\n\t\t\t\t\t\t\t\t<\/div>\n\t\t\t\t<\/div>\n\t\t<div class=\"elementor-element elementor-element-193c9a80 e-flex e-con-boxed e-con e-parent\" data-id=\"193c9a80\" data-element_type=\"container\">\n\t\t\t\t\t<div class=\"e-con-inner\">\n\t\t\t\t<div class=\"elementor-element elementor-element-3c9076fa elementor-widget elementor-widget-heading\" data-id=\"3c9076fa\" data-element_type=\"widget\" data-widget_type=\"heading.default\">\n\t\t\t\t\t<h1 class=\"elementor-heading-title elementor-size-default\">Aktuelles <\/h1>\t\t\t\t<\/div>\n\t\t\t\t\t<\/div>\n\t\t\t\t<\/div>\n\t\t<div class=\"elementor-element elementor-element-75ce7d5 e-flex e-con-boxed e-con e-parent\" data-id=\"75ce7d5\" data-element_type=\"container\">\n\t\t\t\t\t<div class=\"e-con-inner\">\n\t\t\t\t<div class=\"elementor-element elementor-element-470328d elementor-widget elementor-widget-shortcode\" data-id=\"470328d\" data-element_type=\"widget\" data-widget_type=\"shortcode.default\">\n\t\t\t\t\t\t\t<div class=\"elementor-shortcode\"><div class='GBNalldivs'><h3>Mai 2026<\/h3><div class='GBN1div'><img src='https:\/\/multiseiten-test.de\/wp-content\/uploads\/2026\/05\/System-70.jpg'><\/div><div class='GBN2div'><h2>Gira System 70 \u2013 die neue, starke Fl\u00e4chenschalterplattform.<\/h2>\r\n<p>\r\nMit dem Gira System 70 wird der ikonische Fl\u00e4chenschalter von 1966 zum modularen Designsystem der Gegenwart. \r\n<br><br>\r\nMit 70 \u00d7 70 mm gro\u00dfen Funktionseins\u00e4tzen vereint das System klare Formen, hochwertige Haptik und smarte Technik. \r\nVier Schalterprogramme, f\u00fcnf Farben und \u00fcber 200 Funktionen \u2013 installierbar als Unterputz-, Aufputz- oder flache Variante \u2013 bieten maximale Gestaltungsfreiheit.\r\n<br><br>\r\nEine formal stringente, starke Plattform, die sich harmonisch in jede Architektur einf\u00fcgt. \r\n<br><br>\r\nLieferbar ab: 09\/2026\r\n<\/p>\r\n\r\n\r\n\r\n<p class=\"has-text-align-right\" style=\"text-align: left;\">\r\nBild und Text:\r\n<a href=\"http:\/\/www.gira.de\" target=\"_blank\" rel=\"noreferrer noopener\">www.gira.de<\/a>\r\n<\/p>\r\n<\/div><\/div><\/div>\n\t\t\t\t\t\t<\/div>\n\t\t\t\t\t<\/div>\n\t\t\t\t<\/div>\n\t\t\t\t<\/div>\n\t\t","protected":false},"excerpt":{"rendered":"<p>Schr\u00e4nkler Elektrotechnikseit \u00fcber 30 Jahren Aktuelles<\/p>\n","protected":false},"author":1,"featured_media":0,"parent":0,"menu_order":0,"comment_status":"closed","ping_status":"closed","template":"","meta":{"footnotes":""},"class_list":["post-49","page","type-page","status-publish","hentry"],"_links":{"self":[{"href":"https:\/\/schraenkler-elektrotechnik.de\/index.php?rest_route=\/wp\/v2\/pages\/49","targetHints":{"allow":["GET"]}}],"collection":[{"href":"https:\/\/schraenkler-elektrotechnik.de\/index.php?rest_route=\/wp\/v2\/pages"}],"about":[{"href":"https:\/\/schraenkler-elektrotechnik.de\/index.php?rest_route=\/wp\/v2\/types\/page"}],"author":[{"embeddable":true,"href":"https:\/\/schraenkler-elektrotechnik.de\/index.php?rest_route=\/wp\/v2\/users\/1"}],"replies":[{"embeddable":true,"href":"https:\/\/schraenkler-elektrotechnik.de\/index.php?rest_route=%2Fwp%2Fv2%2Fcomments&post=49"}],"version-history":[{"count":13,"href":"https:\/\/schraenkler-elektrotechnik.de\/index.php?rest_route=\/wp\/v2\/pages\/49\/revisions"}],"predecessor-version":[{"id":191,"href":"https:\/\/schraenkler-elektrotechnik.de\/index.php?rest_route=\/wp\/v2\/pages\/49\/revisions\/191"}],"wp:attachment":[{"href":"https:\/\/schraenkler-elektrotechnik.de\/index.php?rest_route=%2Fwp%2Fv2%2Fmedia&parent=49"}],"curies":[{"name":"wp","href":"https:\/\/api.w.org\/{rel}","templated":true}]}}