{"id":31,"date":"2025-12-02T17:48:54","date_gmt":"2025-12-02T16:48:54","guid":{"rendered":"http:\/\/GOBYnet"},"modified":"2025-12-04T08:11:45","modified_gmt":"2025-12-04T07:11:45","slug":"kontakt","status":"publish","type":"page","link":"https:\/\/schraenkler-elektrotechnik.de\/?page_id=31","title":{"rendered":"Kontakt"},"content":{"rendered":"\t\t<div data-elementor-type=\"wp-page\" data-elementor-id=\"31\" class=\"elementor elementor-31\" data-elementor-post-type=\"page\">\n\t\t\t\t<div class=\"elementor-element elementor-element-668cef4b e-con-full e-flex e-con e-parent\" data-id=\"668cef4b\" data-element_type=\"container\">\n\t\t\t\t<div class=\"elementor-element elementor-element-6592293e elementor--h-position-left elementor--v-position-bottom elementor-widget elementor-widget-slides\" data-id=\"6592293e\" data-element_type=\"widget\" data-settings=\"{&quot;navigation&quot;:&quot;none&quot;,&quot;autoplay&quot;:&quot;yes&quot;,&quot;autoplay_speed&quot;:5000,&quot;infinite&quot;:&quot;yes&quot;,&quot;transition&quot;:&quot;slide&quot;,&quot;transition_speed&quot;:500}\" data-widget_type=\"slides.default\">\n\t\t\t\t\t\t\t\t\t\t<div class=\"elementor-slides-wrapper elementor-main-swiper swiper\" role=\"region\" aria-roledescription=\"carousel\" aria-label=\"Slides\" dir=\"ltr\" data-animation=\"fadeInUp\">\n\t\t\t\t<div class=\"swiper-wrapper elementor-slides\">\n\t\t\t\t\t\t\t\t\t\t<div class=\"elementor-repeater-item-9a8c82a swiper-slide\" role=\"group\" aria-roledescription=\"slide\"><div class=\"swiper-slide-bg elementor-ken-burns elementor-ken-burns--in\" role=\"img\" aria-label=\"sprechanlage-gira\"><\/div><div class=\"elementor-background-overlay\"><\/div><div class=\"swiper-slide-inner\" ><div class=\"swiper-slide-contents\"><div class=\"elementor-slide-heading\">Schr\u00e4nkler Elektrotechnik<\/div><div class=\"elementor-slide-description\">seit \u00fcber 30 Jahren<\/div><\/div><\/div><\/div>\t\t\t\t<\/div>\n\t\t\t\t\t\t\t<\/div>\n\t\t\t\t\t\t\t\t<\/div>\n\t\t\t\t<\/div>\n\t\t<div class=\"elementor-element elementor-element-6b852b6c e-flex e-con-boxed e-con e-parent\" data-id=\"6b852b6c\" data-element_type=\"container\">\n\t\t\t\t\t<div class=\"e-con-inner\">\n\t\t\t\t<div class=\"elementor-element elementor-element-1e0c3197 elementor-widget elementor-widget-heading\" data-id=\"1e0c3197\" data-element_type=\"widget\" data-widget_type=\"heading.default\">\n\t\t\t\t\t<h1 class=\"elementor-heading-title elementor-size-default\">Kontakt<\/h1>\t\t\t\t<\/div>\n\t\t\t\t\t<\/div>\n\t\t\t\t<\/div>\n\t\t<div class=\"elementor-element elementor-element-67fc0ef7 e-flex e-con-boxed e-con e-parent\" data-id=\"67fc0ef7\" data-element_type=\"container\">\n\t\t\t\t\t<div class=\"e-con-inner\">\n\t\t<div class=\"elementor-element elementor-element-3ce943e1 e-con-full e-flex e-con e-child\" data-id=\"3ce943e1\" data-element_type=\"container\" data-settings=\"{&quot;background_background&quot;:&quot;classic&quot;}\">\n\t\t\t\t<\/div>\n\t\t<div class=\"elementor-element elementor-element-5700be4a e-con-full e-flex e-con e-child\" data-id=\"5700be4a\" data-element_type=\"container\">\n\t\t\t\t<div class=\"elementor-element elementor-element-5bfb5500 elementor-widget elementor-widget-text-editor\" data-id=\"5bfb5500\" data-element_type=\"widget\" data-widget_type=\"text-editor.default\">\n\t\t\t\t\t\t\t\t\t<p>Schr\u00e4nkler Elektrotechnik<br \/>Gerhart Hauptmannstr. 27<br \/>68766 Hockenheim<\/p><p>Ansprechpartner: Thomas Schr\u00e4nkler<\/p><p>Tel.: 06205-5308<br \/>Fax: 06205-100895<br \/><br \/>E-Mail:<a href=\"mailto:LS-Elektrotechnik@gmx.de\" target=\"_blank\" rel=\"noopener\"> LS-Elektrotechnik@gmx.de<\/a><br \/><br \/>\u00d6ffnungszeiten Ladengesch\u00e4ft:<br \/>Mo-Do 07.00-16.00 Uhr<br \/>Fr 07.00-13.30 Uhr<\/p><p>\u00a0<\/p>\t\t\t\t\t\t\t\t<\/div>\n\t\t\t\t<\/div>\n\t\t\t\t\t<\/div>\n\t\t\t\t<\/div>\n\t\t\t\t<\/div>\n\t\t","protected":false},"excerpt":{"rendered":"<p>Schr\u00e4nkler Elektrotechnikseit \u00fcber 30 Jahren Kontakt Schr\u00e4nkler ElektrotechnikGerhart Hauptmannstr. 2768766 Hockenheim Ansprechpartner: Thomas Schr\u00e4nkler Tel.: 06205-5308Fax: 06205-100895 E-Mail: LS-Elektrotechnik@gmx.de \u00d6ffnungszeiten Ladengesch\u00e4ft:Mo-Do 07.00-16.00 UhrFr 07.00-13.30 Uhr \u00a0<\/p>\n","protected":false},"author":1,"featured_media":0,"parent":0,"menu_order":0,"comment_status":"closed","ping_status":"closed","template":"","meta":{"footnotes":""},"class_list":["post-31","page","type-page","status-publish","hentry"],"_links":{"self":[{"href":"https:\/\/schraenkler-elektrotechnik.de\/index.php?rest_route=\/wp\/v2\/pages\/31","targetHints":{"allow":["GET"]}}],"collection":[{"href":"https:\/\/schraenkler-elektrotechnik.de\/index.php?rest_route=\/wp\/v2\/pages"}],"about":[{"href":"https:\/\/schraenkler-elektrotechnik.de\/index.php?rest_route=\/wp\/v2\/types\/page"}],"author":[{"embeddable":true,"href":"https:\/\/schraenkler-elektrotechnik.de\/index.php?rest_route=\/wp\/v2\/users\/1"}],"replies":[{"embeddable":true,"href":"https:\/\/schraenkler-elektrotechnik.de\/index.php?rest_route=%2Fwp%2Fv2%2Fcomments&post=31"}],"version-history":[{"count":9,"href":"https:\/\/schraenkler-elektrotechnik.de\/index.php?rest_route=\/wp\/v2\/pages\/31\/revisions"}],"predecessor-version":[{"id":187,"href":"https:\/\/schraenkler-elektrotechnik.de\/index.php?rest_route=\/wp\/v2\/pages\/31\/revisions\/187"}],"wp:attachment":[{"href":"https:\/\/schraenkler-elektrotechnik.de\/index.php?rest_route=%2Fwp%2Fv2%2Fmedia&parent=31"}],"curies":[{"name":"wp","href":"https:\/\/api.w.org\/{rel}","templated":true}]}}