{"id":30,"date":"2025-12-02T17:48:54","date_gmt":"2025-12-02T16:48:54","guid":{"rendered":"http:\/\/GOBYnet"},"modified":"2026-01-13T14:04:48","modified_gmt":"2026-01-13T13:04:48","slug":"datenschutz","status":"publish","type":"page","link":"https:\/\/schraenkler-elektrotechnik.de\/?page_id=30","title":{"rendered":"Datenschutz"},"content":{"rendered":"\t\t<div data-elementor-type=\"wp-page\" data-elementor-id=\"30\" class=\"elementor elementor-30\" data-elementor-post-type=\"page\">\n\t\t\t\t<div class=\"elementor-element elementor-element-7b42e7b8 e-con-full e-flex e-con e-parent\" data-id=\"7b42e7b8\" data-element_type=\"container\">\n\t\t\t\t<div class=\"elementor-element elementor-element-302cf91c elementor--h-position-left elementor--v-position-bottom elementor-widget elementor-widget-slides\" data-id=\"302cf91c\" data-element_type=\"widget\" data-settings=\"{&quot;navigation&quot;:&quot;none&quot;,&quot;autoplay&quot;:&quot;yes&quot;,&quot;autoplay_speed&quot;:5000,&quot;infinite&quot;:&quot;yes&quot;,&quot;transition&quot;:&quot;slide&quot;,&quot;transition_speed&quot;:500}\" data-widget_type=\"slides.default\">\n\t\t\t\t\t\t\t\t\t\t<div class=\"elementor-slides-wrapper elementor-main-swiper swiper\" role=\"region\" aria-roledescription=\"carousel\" aria-label=\"Slides\" dir=\"ltr\" data-animation=\"fadeInUp\">\n\t\t\t\t<div class=\"swiper-wrapper elementor-slides\">\n\t\t\t\t\t\t\t\t\t\t<div class=\"elementor-repeater-item-9a8c82a swiper-slide\" role=\"group\" aria-roledescription=\"slide\"><div class=\"swiper-slide-bg elementor-ken-burns elementor-ken-burns--in\" role=\"img\" aria-label=\"Gira Intelligentes Energiesparhaus 20\"><\/div><div class=\"elementor-background-overlay\"><\/div><div class=\"swiper-slide-inner\" ><div class=\"swiper-slide-contents\"><div class=\"elementor-slide-heading\">Schr\u00e4nkler Elektrotechnik<\/div><div class=\"elementor-slide-description\">seit \u00fcber 30 Jahren<\/div><\/div><\/div><\/div>\t\t\t\t<\/div>\n\t\t\t\t\t\t\t<\/div>\n\t\t\t\t\t\t\t\t<\/div>\n\t\t\t\t<\/div>\n\t\t<div class=\"elementor-element elementor-element-9272c9b e-flex e-con-boxed e-con e-parent\" data-id=\"9272c9b\" data-element_type=\"container\">\n\t\t\t\t\t<div class=\"e-con-inner\">\n\t\t\t\t<div class=\"elementor-element elementor-element-1e5cd98 elementor-widget elementor-widget-html\" data-id=\"1e5cd98\" data-element_type=\"widget\" data-widget_type=\"html.default\">\n\t\t\t\t\t<!DOCTYPE html><html lang='de'><body>\n<H2>DATENSCHUTZERKL\u00c4RUNG F\u00dcR DIE NUTZUNG UNSERER\nWEBSITES<\/H2>\n<H3>INFORMATION \u00dcBER DIE ERHEBUNG PERSONENBEZOGENER DATEN<\/H3>\n<p>(1) Im Folgenden informieren wir \u00fcber die Erhebung personenbezogener Daten bei Nutzung unserer Website.\nPersonenbezogene Daten sind alle Daten, die auf Sie pers\u00f6nlich beziehbar sind, z. B. Name, Adresse, E-Mail-Adressen,\nNutzerverhalten. Dadurch m\u00f6chten wir Sie \u00fcber unsere Verarbeitungsvorg\u00e4nge informieren und zugleich den\ngesetzlichen Pflichten, insbesondere aus der EU-Datenschutz-Grundverordnung (DS-GVO), nachkommen. <\/p>\n<p>(2) Verantwortlicher gem. Art. 4 Abs. 7 EU-Datenschutz-Grundverordnung (DS-GVO) ist Thomas Schr\u00e4nkler,\nGerhart Hauptmannstr. 27, 68766 Hockenheim, <a href='mailto:ls-elektrotechnik@gmx.de'>ls-elektrotechnik@gmx.de<\/a>. <\/p>\n<p>(3) Bei Ihrer Kontaktaufnahme mit uns per E-Mail oder \u00fcber ein Kontaktformular werden die von Ihnen\nmitgeteilten Daten (Ihre E-Mail-Adresse, ggf. Ihr Name und Ihre Telefonnummer) von uns gespeichert, um Ihre Fragen\nzu beantworten. Die in diesem Zusammenhang anfallenden Daten l\u00f6schen wir, falls die Anfrage einem Vertrag\nzugeordnet wird, nach den Fristen zur Vertragslaufzeit. Ansonsten l\u00f6schen wir sie, nachdem die Speicherung nicht\nmehr erforderlich ist, oder schr\u00e4nken die Verarbeitung ein, falls gesetzliche Aufbewahrungspflichten bestehen.<\/p>\n<p>(4) Falls wir f\u00fcr einzelne Funktionen unseres Angebots auf beauftragte Dienstleister zur\u00fcckgreifen oder Ihre Daten\nf\u00fcr werbliche Zwecke nutzen m\u00f6chten, werden wir diese Dienstleister stets sorgf\u00e4ltig ausw\u00e4hlen und \u00fcberwachen und\ninformieren Sie untenstehend im Detail \u00fcber die jeweiligen Vorg\u00e4nge. Dabei nennen wir auch die festgelegten\nKriterien der Speicherdauer.<\/p>\n<H4>IHRE RECHTE<\/H4>\n<p>(1) Sie haben gegen\u00fcber uns folgende Rechte hinsichtlich der Sie betreffenden personenbezogenen Daten:<\/p>\n<ul>\n<li>Recht auf Auskunft<\/li>\n<li>Recht auf Berichtigung oder L\u00f6schung<\/li>\n<li>Recht auf Einschr\u00e4nkung der Verarbeitung<\/li>\n<li>Recht auf Widerspruch gegen die Verarbeitung<\/li>\n<li>Recht auf Daten\u00fcbertragbarkeit<\/li>\n<\/ul>\n<p>(2) Sie haben zudem das Recht, sich bei einer Datenschutz-Aufsichtsbeh\u00f6rde \u00fcber die Verarbeitung Ihrer\npersonenbezogenen Daten durch uns zu beschweren.<\/p>\n<H4>ERHEBUNG PERSONENBEZOGENER DATEN BEI BESUCH UNSERER WEBSITE<\/H4>\n<p>(1) Bei der blo\u00df informatorischen Nutzung der Website, also wenn Sie uns nicht anderweitig Informationen\n\u00fcbermitteln, erheben wir nur die personenbezogenen Daten, die Ihr Browser an unseren Server \u00fcbermittelt. Wenn Sie\nunsere Website betrachten m\u00f6chten, erheben wir die folgenden Daten, die f\u00fcr uns technisch erforderlich sind, um\nIhnen unsere Website anzuzeigen und die Stabilit\u00e4t und Sicherheit zu gew\u00e4hrleisten (Rechtsgrundlage ist Art. 6 Abs. 1\nS. 1 lit. f DS-GVO):<\/p>\n<ul>\n<li>IP-Adresse<\/li>\n<li>Datum und Uhrzeit der Anfrage<\/li>\n<li>Zeitzonendifferenz zur Greenwich Mean Time (GMT)<\/li>\n<li>Inhalt der Anforderung (konkrete Seite)<\/li>\n<li>Zugriffsstatus\/HTTP-Statuscode<\/li>\n<li>jeweils \u00fcbertragene Datenmenge<\/li>\n<li>Website, von der die Anforderung kommt<\/li>\n<li>Browser<\/li>\n<li>Betriebssystem und dessen Oberfl\u00e4che<\/li>\n<li>Sprache und Version der Browsersoftware<\/li>\n<\/ul>\n<p>(2) Zus\u00e4tzlich zu den zuvor genannten Daten k\u00f6nnen bei Ihrer Nutzung unserer Website \u2013 bereits jetzt oder in\nZukunft \u2013 Cookies auf Ihrem Rechner gespeichert werden. Bei Cookies handelt es sich um kleine Textdateien, die auf\nIhrer Festplatte dem von Ihnen verwendeten Browser zugeordnet gespeichert werden und durch welche der Stelle, die\nden Cookie setzt (hier durch uns), bestimmte Informationen zuflie\u00dfen. Cookies k\u00f6nnen keine Programme ausf\u00fchren\noder Viren auf Ihren Computer \u00fcbertragen. Sie dienen dazu, das Internetangebot insgesamt nutzerfreundlicher und\neffektiver zu machen (Rechtsgrundlage ist Art. 6 Abs. 1 S. 1 lit. a DS-GVO). Grunds\u00e4tzlich k\u00f6nnen Sie Cookies \u00fcber die\nEinstellungen in Ihrem Browser jederzeit l\u00f6schen oder von vornherein blocken.<\/p>\n<H4>WEITERE FUNKTIONEN UND ANGEBOTE UNSERER WEBSITE<\/H4>\n<p>(1) Neben der rein informatorischen Nutzung unserer Website k\u00f6nnen wir verschiedene Leistungen anbieten, die\nSie bei Interesse nutzen k\u00f6nnen. Dazu m\u00fcssen Sie in der Regel weitere personenbezogene Daten angeben, die wir zur\nErbringung der jeweiligen Leistung nutzen und f\u00fcr die die zuvor genannten Grunds\u00e4tze zur Datenverarbeitung gelten.\n<\/p>\n<p>(2) Teilweise bedienen wir uns zur Verarbeitung Ihrer Daten externer Dienstleister. Diese wurden von uns\nsorgf\u00e4ltig ausgew\u00e4hlt und beauftragt, sind an unsere Weisungen gebunden und werden regelm\u00e4\u00dfig kontrolliert. <\/p>\n<p>(3) Weiterhin k\u00f6nnen wir Ihre personenbezogenen Daten an Dritte weitergeben, wenn Aktionsteilnahmen,\nGewinnspiele, Vertragsabschl\u00fcsse oder \u00e4hnliche Leistungen von uns gemeinsam mit Partnern angeboten werden.\nN\u00e4here Informationen hierzu erhalten Sie bei Angabe Ihrer personenbezogenen Daten oder untenstehend in der\nBeschreibung des Angebotes. <\/p>\n<p>(4) Soweit unsere Dienstleister oder Partner ihren Sitz in einem Staat au\u00dferhalb des Europ\u00e4ischen\nWirtschaftsraumes (EWR) haben, informieren wir Sie \u00fcber die Folgen dieses Umstands in der Beschreibung des\nAngebotes. <\/p>\n<H4>WIDERSPRUCH ODER WIDERRUF GEGEN DIE VERARBEITUNG IHRER DATEN<\/H4>\n<p>(1) Falls Sie eine Einwilligung zur Verarbeitung Ihrer Daten erteilt haben, k\u00f6nnen Sie diese jederzeit widerrufen.\nEin solcher Widerruf beeinflusst die Zul\u00e4ssigkeit der Verarbeitung Ihrer personenbezogenen Daten, nachdem Sie ihn\ngegen\u00fcber uns ausgesprochen haben. <\/p>\n<p>(2) Soweit wir die Verarbeitung Ihrer personenbezogenen Daten auf die Interessenabw\u00e4gung st\u00fctzen, k\u00f6nnen Sie\nWiderspruch gegen die Verarbeitung einlegen. Dies ist der Fall, wenn die Verarbeitung insbesondere nicht zur\nErf\u00fcllung eines Vertrags mit Ihnen erforderlich ist, was von uns jeweils bei der nachfolgenden Beschreibung der\nFunktionen dargestellt wird. Bei Aus\u00fcbung eines solchen Widerspruchs bitten wir um Darlegung der Gr\u00fcnde, weshalb\nwir Ihre personenbezogenen Daten nicht wie von uns durchgef\u00fchrt verarbeiten sollten. Im Falle Ihres begr\u00fcndeten\nWiderspruchs pr\u00fcfen wir die Sachlage und werden entweder die Datenverarbeitung einstellen bzw. anpassen oder\nIhnen unsere zwingenden schutzw\u00fcrdigen Gr\u00fcnde aufzeigen, aufgrund derer wir die Verarbeitung fortf\u00fchren. <\/p>\n<p>(3) Selbstverst\u00e4ndlich k\u00f6nnen Sie der Verarbeitung Ihrer personenbezogenen Daten f\u00fcr Zwecke der Werbung und\nDatenanalyse jederzeit widersprechen. \u00dcber Ihren Werbewiderspruch k\u00f6nnen Sie uns unter folgenden Kontaktdaten\ninformieren: Thomas Schr\u00e4nkler, Gerhart Hauptmannstr. 27, 68766 Hockenheim, <a href='mailto:ls-elektrotechnik@gmx.de'>ls-elektrotechnik@gmx.de<\/a>. <\/p>\n<H4>DAUER DER SPEICHERUNG VON PERSONENBEZOGENEN DATEN<\/H4>\n<p>Personenbezogene Daten speichern wir gem\u00e4\u00df den gesetzlichen Aufbewahrungsfristen (z. B. nach handels- und\nsteuerrechtlichen Vorschriften). Nach Ablauf dieser Fristen werden die Daten gel\u00f6scht, es sei denn, sie sind weiterhin\nzur Erf\u00fcllung eines Vertrags erforderlich oder es besteht ein berechtigtes Interesse an ihrer weiteren Speicherung.\n<\/p>\n<p>F\u00fcr die von uns vorgenommenen Verarbeitungsvorg\u00e4nge geben wir im Folgenden jeweils an, wie lange die Daten\nbei uns gespeichert und wann sie gel\u00f6scht oder gesperrt werden. Soweit nachfolgend keine ausdr\u00fcckliche\nSpeicherdauer angegeben wird, werden Ihre personenbezogenen Daten gel\u00f6scht oder gesperrt, sobald der Zweck\noder die Rechtsgrundlage f\u00fcr die Speicherung entf\u00e4llt. Eine Speicherung Ihrer Daten erfolgt grunds\u00e4tzlich nur auf\nunseren Servern in der EU, vorbehaltlich einer ggf. erfolgenden Weitergabe nach den Regelungen in den\nnachfolgenden Abschnitten. <\/p>\n<p>Eine Speicherung kann jedoch \u00fcber die angegebene Zeit hinaus im Falle einer (drohenden) Rechtsstreitigkeit mit\nIhnen oder eines sonstigen rechtlichen Verfahrens erfolgen oder wenn die Speicherung durch gesetzliche Vorschriften,\ndenen wir als Verantwortlicher unterliegen (z. B. \u00a7 257 HGB, \u00a7 147 AO), vorgesehen ist. Wenn die durch die\ngesetzlichen Vorschriften vorgeschriebene Speicherfrist abl\u00e4uft, erfolgt eine Sperrung oder L\u00f6schung der\npersonenbezogenen Daten, es sei denn, dass eine weitere Speicherung durch uns erforderlich ist und daf\u00fcr eine\nRechtsgrundlage besteht. <\/p>\n<H4>HOSTING<\/H4>\n<p>(1) Unsere Website wird bei einem externen Dienstleister gehostet (Hosting-Anbieter). Der Hosting-Anbieter stellt\ndie Infrastruktur und die technischen Ressourcen zur Verf\u00fcgung, die erforderlich sind, um unsere Website sicher und\nzuverl\u00e4ssig zu betreiben. Im Rahmen der Nutzung unserer Website werden dabei verschiedene personenbezogene\nDaten verarbeitet und auf den Servern des Hosting-Anbieters gespeichert. <\/p>\n<p>(2) Die Einholung und Verarbeitung personenbezogener Daten im Rahmen des Hostings erfolgt im Einklang mit\nder DS-GVO. Die rechtliche Grundlage f\u00fcr diese Verarbeitung ist Art. 6 Abs. 1 lit. f DS-GVO, da wir ein berechtigtes\nInteresse daran haben, unsere Website sicher und effizient zu betreiben. <\/p>\n<p>(3) Zu den im Rahmen des Hostings verarbeiteten Daten geh\u00f6ren die IP-Adresse des zugreifenden Systems,\nDatum und Uhrzeit des Zugriffs, Zeitzonendifferenz zur Greenwich Mean Time (GMT), Inhalt der Anforderung (konkrete\nSeite), Zugriffsstatus\/HTTP-Statuscode, jeweils \u00fcbertragene Datenmenge, Website, von der die Anforderung kommt,\nBrowser, Betriebssystem und dessen Oberfl\u00e4che sowie Sprache und Version der Browsersoftware. <\/p>\n<p>(4) Der Hosting-Anbieter verarbeitet diese Daten ausschlie\u00dflich nach unseren Weisungen und im Rahmen eines\nAuftragsverarbeitungsvertrags gem\u00e4\u00df Art. 28 DS-GVO. Wir haben den Hosting-Anbieter sorgf\u00e4ltig ausgew\u00e4hlt und\n\u00fcberwachen regelm\u00e4\u00dfig, dass die Verarbeitung der Daten in \u00dcbereinstimmung mit den gesetzlichen Anforderungen\nerfolgt. <\/p>\n<p>(5) Die Speicherung der personenbezogenen Daten erfolgt nur so lange, wie es f\u00fcr die Erf\u00fcllung des Zwecks, zu\ndem sie erhoben wurden, erforderlich ist oder bis gesetzliche Aufbewahrungsfristen ablaufen. Nach Erf\u00fcllung des\nZwecks oder Ablauf der gesetzlichen Aufbewahrungsfristen werden die Daten gel\u00f6scht. <\/p>\n<\/body>\n<\/html>\t\t\t\t<\/div>\n\t\t\t\t\t<\/div>\n\t\t\t\t<\/div>\n\t\t\t\t<\/div>\n\t\t","protected":false},"excerpt":{"rendered":"<p>Schr\u00e4nkler Elektrotechnikseit \u00fcber 30 Jahren DATENSCHUTZERKL\u00c4RUNG F\u00dcR DIE NUTZUNG UNSERER WEBSITES INFORMATION \u00dcBER DIE ERHEBUNG PERSONENBEZOGENER DATEN (1) Im Folgenden informieren wir \u00fcber die Erhebung personenbezogener Daten bei Nutzung unserer Website. Personenbezogene Daten sind alle Daten, die auf Sie pers\u00f6nlich beziehbar sind, z. B. Name, Adresse, E-Mail-Adressen, Nutzerverhalten. Dadurch m\u00f6chten wir Sie \u00fcber unsere Verarbeitungsvorg\u00e4nge [&hellip;]<\/p>\n","protected":false},"author":1,"featured_media":0,"parent":0,"menu_order":0,"comment_status":"closed","ping_status":"closed","template":"","meta":{"footnotes":""},"class_list":["post-30","page","type-page","status-publish","hentry"],"_links":{"self":[{"href":"https:\/\/schraenkler-elektrotechnik.de\/index.php?rest_route=\/wp\/v2\/pages\/30","targetHints":{"allow":["GET"]}}],"collection":[{"href":"https:\/\/schraenkler-elektrotechnik.de\/index.php?rest_route=\/wp\/v2\/pages"}],"about":[{"href":"https:\/\/schraenkler-elektrotechnik.de\/index.php?rest_route=\/wp\/v2\/types\/page"}],"author":[{"embeddable":true,"href":"https:\/\/schraenkler-elektrotechnik.de\/index.php?rest_route=\/wp\/v2\/users\/1"}],"replies":[{"embeddable":true,"href":"https:\/\/schraenkler-elektrotechnik.de\/index.php?rest_route=%2Fwp%2Fv2%2Fcomments&post=30"}],"version-history":[{"count":15,"href":"https:\/\/schraenkler-elektrotechnik.de\/index.php?rest_route=\/wp\/v2\/pages\/30\/revisions"}],"predecessor-version":[{"id":207,"href":"https:\/\/schraenkler-elektrotechnik.de\/index.php?rest_route=\/wp\/v2\/pages\/30\/revisions\/207"}],"wp:attachment":[{"href":"https:\/\/schraenkler-elektrotechnik.de\/index.php?rest_route=%2Fwp%2Fv2%2Fmedia&parent=30"}],"curies":[{"name":"wp","href":"https:\/\/api.w.org\/{rel}","templated":true}]}}