{"id":143,"date":"2025-12-03T15:59:03","date_gmt":"2025-12-03T14:59:03","guid":{"rendered":"https:\/\/schraenkler.kuebler-webseite.de\/?page_id=143"},"modified":"2025-12-03T16:04:04","modified_gmt":"2025-12-03T15:04:04","slug":"ueber-uns","status":"publish","type":"page","link":"https:\/\/schraenkler-elektrotechnik.de\/?page_id=143","title":{"rendered":"\u00dcber uns"},"content":{"rendered":"\t\t<div data-elementor-type=\"wp-page\" data-elementor-id=\"143\" class=\"elementor elementor-143\" data-elementor-post-type=\"page\">\n\t\t\t\t<div class=\"elementor-element elementor-element-65c76dcc e-con-full e-flex e-con e-parent\" data-id=\"65c76dcc\" data-element_type=\"container\">\n\t\t\t\t<div class=\"elementor-element elementor-element-5f8be027 elementor--h-position-left elementor--v-position-bottom elementor-widget elementor-widget-slides\" data-id=\"5f8be027\" data-element_type=\"widget\" data-settings=\"{&quot;navigation&quot;:&quot;none&quot;,&quot;autoplay&quot;:&quot;yes&quot;,&quot;autoplay_speed&quot;:5000,&quot;infinite&quot;:&quot;yes&quot;,&quot;transition&quot;:&quot;slide&quot;,&quot;transition_speed&quot;:500}\" data-widget_type=\"slides.default\">\n\t\t\t\t\t\t\t\t\t\t<div class=\"elementor-slides-wrapper elementor-main-swiper swiper\" role=\"region\" aria-roledescription=\"carousel\" aria-label=\"Slides\" dir=\"ltr\" data-animation=\"fadeInUp\">\n\t\t\t\t<div class=\"swiper-wrapper elementor-slides\">\n\t\t\t\t\t\t\t\t\t\t<div class=\"elementor-repeater-item-9a8c82a swiper-slide\" role=\"group\" aria-roledescription=\"slide\"><div class=\"swiper-slide-bg elementor-ken-burns elementor-ken-burns--in\" role=\"img\" aria-label=\"Gira Ostk\u00fcstenstil 19\"><\/div><div class=\"elementor-background-overlay\"><\/div><div class=\"swiper-slide-inner\" ><div class=\"swiper-slide-contents\"><div class=\"elementor-slide-heading\">Schr\u00e4nkler Elektrotechnik<\/div><div class=\"elementor-slide-description\">seit \u00fcber 30 Jahren<\/div><\/div><\/div><\/div>\t\t\t\t<\/div>\n\t\t\t\t\t\t\t<\/div>\n\t\t\t\t\t\t\t\t<\/div>\n\t\t\t\t<\/div>\n\t\t<div class=\"elementor-element elementor-element-6833f9dd e-flex e-con-boxed e-con e-parent\" data-id=\"6833f9dd\" data-element_type=\"container\">\n\t\t\t\t\t<div class=\"e-con-inner\">\n\t\t\t\t<div class=\"elementor-element elementor-element-1dbb7f51 elementor-widget elementor-widget-heading\" data-id=\"1dbb7f51\" data-element_type=\"widget\" data-widget_type=\"heading.default\">\n\t\t\t\t\t<h1 class=\"elementor-heading-title elementor-size-default\">\u00dcber uns \u2013 Schr\u00e4nkler Elektrotechnik<\/h1>\t\t\t\t<\/div>\n\t\t\t\t\t<\/div>\n\t\t\t\t<\/div>\n\t\t<div class=\"elementor-element elementor-element-3500381 e-flex e-con-boxed e-con e-parent\" data-id=\"3500381\" data-element_type=\"container\">\n\t\t\t\t\t<div class=\"e-con-inner\">\n\t\t\t\t<div class=\"elementor-element elementor-element-8d1e6ce elementor-widget elementor-widget-heading\" data-id=\"8d1e6ce\" data-element_type=\"widget\" data-widget_type=\"heading.default\">\n\t\t\t\t\t<h3 class=\"elementor-heading-title elementor-size-default\">Schr\u00e4nkler Elektrotechnik ist ein familiengef\u00fchrter Innungs- und Ausbildungsbetrieb aus Hockenheim.<\/h3>\t\t\t\t<\/div>\n\t\t\t\t\t<\/div>\n\t\t\t\t<\/div>\n\t\t<div class=\"elementor-element elementor-element-9e3d100 e-flex e-con-boxed e-con e-parent\" data-id=\"9e3d100\" data-element_type=\"container\">\n\t\t\t\t\t<div class=\"e-con-inner\">\n\t\t\t\t<div class=\"elementor-element elementor-element-0b1d603 elementor-widget elementor-widget-text-editor\" data-id=\"0b1d603\" data-element_type=\"widget\" data-widget_type=\"text-editor.default\">\n\t\t\t\t\t\t\t\t\t<p>Seit der Gr\u00fcndung im Jahr 1975 stehen wir f\u00fcr zuverl\u00e4ssige, schnelle und kompetente Elektrotechnik \u2013 f\u00fcr private Kunden, Unternehmen und Gewerbe.<\/p><p>Mit unserem erfahrenen Team von zwei Mitarbeitern bieten wir Ihnen hochwertige Leistungen in allen Bereichen der Elektrotechnik. <br \/>Ob Installation, Reparatur, Modernisierung oder Beratung: Wir arbeiten pr\u00e4zise, kundenorientiert und nach aktuellen technischen Standards.<\/p><p>Als Innungsbetrieb garantieren wir fachgerechte Arbeit und gepr\u00fcfte Qualit\u00e4t. Als Ausbildungsbetrieb investieren wir zudem in die Zukunft unseres Handwerks.<\/p><p>Wir beraten Sie gerne zu allen Fragen rund um moderne Elektrotechnik und finden gemeinsam die optimale L\u00f6sung f\u00fcr Ihr Projekt.<\/p><p>Schr\u00e4nkler Elektrotechnik \u2013 Elektrotechnik aus Hockenheim f\u00fcr Sicherheit, Effizienz und langfristige Qualit\u00e4t.<\/p>\t\t\t\t\t\t\t\t<\/div>\n\t\t\t\t\t<\/div>\n\t\t\t\t<\/div>\n\t\t\t\t<\/div>\n\t\t","protected":false},"excerpt":{"rendered":"<p>Schr\u00e4nkler Elektrotechnikseit \u00fcber 30 Jahren \u00dcber uns \u2013 Schr\u00e4nkler Elektrotechnik Schr\u00e4nkler Elektrotechnik ist ein familiengef\u00fchrter Innungs- und Ausbildungsbetrieb aus Hockenheim. Seit der Gr\u00fcndung im Jahr 1975 stehen wir f\u00fcr zuverl\u00e4ssige, schnelle und kompetente Elektrotechnik \u2013 f\u00fcr private Kunden, Unternehmen und Gewerbe. Mit unserem erfahrenen Team von zwei Mitarbeitern bieten wir Ihnen hochwertige Leistungen in allen [&hellip;]<\/p>\n","protected":false},"author":4,"featured_media":0,"parent":0,"menu_order":0,"comment_status":"closed","ping_status":"closed","template":"","meta":{"footnotes":""},"class_list":["post-143","page","type-page","status-publish","hentry"],"_links":{"self":[{"href":"https:\/\/schraenkler-elektrotechnik.de\/index.php?rest_route=\/wp\/v2\/pages\/143","targetHints":{"allow":["GET"]}}],"collection":[{"href":"https:\/\/schraenkler-elektrotechnik.de\/index.php?rest_route=\/wp\/v2\/pages"}],"about":[{"href":"https:\/\/schraenkler-elektrotechnik.de\/index.php?rest_route=\/wp\/v2\/types\/page"}],"author":[{"embeddable":true,"href":"https:\/\/schraenkler-elektrotechnik.de\/index.php?rest_route=\/wp\/v2\/users\/4"}],"replies":[{"embeddable":true,"href":"https:\/\/schraenkler-elektrotechnik.de\/index.php?rest_route=%2Fwp%2Fv2%2Fcomments&post=143"}],"version-history":[{"count":13,"href":"https:\/\/schraenkler-elektrotechnik.de\/index.php?rest_route=\/wp\/v2\/pages\/143\/revisions"}],"predecessor-version":[{"id":157,"href":"https:\/\/schraenkler-elektrotechnik.de\/index.php?rest_route=\/wp\/v2\/pages\/143\/revisions\/157"}],"wp:attachment":[{"href":"https:\/\/schraenkler-elektrotechnik.de\/index.php?rest_route=%2Fwp%2Fv2%2Fmedia&parent=143"}],"curies":[{"name":"wp","href":"https:\/\/api.w.org\/{rel}","templated":true}]}}