{"id":132,"date":"2025-12-03T15:51:21","date_gmt":"2025-12-03T14:51:21","guid":{"rendered":"https:\/\/schraenkler.kuebler-webseite.de\/?page_id=132"},"modified":"2025-12-03T15:54:31","modified_gmt":"2025-12-03T14:54:31","slug":"links","status":"publish","type":"page","link":"https:\/\/schraenkler-elektrotechnik.de\/?page_id=132","title":{"rendered":"Links"},"content":{"rendered":"\t\t<div data-elementor-type=\"wp-page\" data-elementor-id=\"132\" class=\"elementor elementor-132\" data-elementor-post-type=\"page\">\n\t\t\t\t<div class=\"elementor-element elementor-element-5373f489 e-con-full e-flex e-con e-parent\" data-id=\"5373f489\" data-element_type=\"container\">\n\t\t\t\t<div class=\"elementor-element elementor-element-6274d486 elementor--h-position-left elementor--v-position-bottom elementor-widget elementor-widget-slides\" data-id=\"6274d486\" data-element_type=\"widget\" data-settings=\"{&quot;navigation&quot;:&quot;none&quot;,&quot;autoplay&quot;:&quot;yes&quot;,&quot;autoplay_speed&quot;:5000,&quot;infinite&quot;:&quot;yes&quot;,&quot;transition&quot;:&quot;slide&quot;,&quot;transition_speed&quot;:500}\" data-widget_type=\"slides.default\">\n\t\t\t\t\t\t\t\t\t\t<div class=\"elementor-slides-wrapper elementor-main-swiper swiper\" role=\"region\" aria-roledescription=\"carousel\" aria-label=\"Slides\" dir=\"ltr\" data-animation=\"fadeInUp\">\n\t\t\t\t<div class=\"swiper-wrapper elementor-slides\">\n\t\t\t\t\t\t\t\t\t\t<div class=\"elementor-repeater-item-9a8c82a swiper-slide\" role=\"group\" aria-roledescription=\"slide\"><div class=\"swiper-slide-bg elementor-ken-burns elementor-ken-burns--in\" role=\"img\" aria-label=\"207591_Gira_BR_E2-Studio_RZ_MS-05.indd\"><\/div><div class=\"elementor-background-overlay\"><\/div><div class=\"swiper-slide-inner\" ><div class=\"swiper-slide-contents\"><div class=\"elementor-slide-heading\">Schr\u00e4nkler Elektrotechnik<\/div><div class=\"elementor-slide-description\">seit \u00fcber 30 Jahren<\/div><\/div><\/div><\/div>\t\t\t\t<\/div>\n\t\t\t\t\t\t\t<\/div>\n\t\t\t\t\t\t\t\t<\/div>\n\t\t\t\t<\/div>\n\t\t<div class=\"elementor-element elementor-element-65e5989c e-flex e-con-boxed e-con e-parent\" data-id=\"65e5989c\" data-element_type=\"container\">\n\t\t\t\t\t<div class=\"e-con-inner\">\n\t\t\t\t<div class=\"elementor-element elementor-element-648965d9 elementor-widget elementor-widget-heading\" data-id=\"648965d9\" data-element_type=\"widget\" data-widget_type=\"heading.default\">\n\t\t\t\t\t<h1 class=\"elementor-heading-title elementor-size-default\">Links<\/h1>\t\t\t\t<\/div>\n\t\t\t\t\t<\/div>\n\t\t\t\t<\/div>\n\t\t<div class=\"elementor-element elementor-element-07800e8 e-flex e-con-boxed e-con e-parent\" data-id=\"07800e8\" data-element_type=\"container\">\n\t\t\t\t\t<div class=\"e-con-inner\">\n\t\t\t\t<div class=\"elementor-element elementor-element-f83de9e elementor-widget elementor-widget-text-editor\" data-id=\"f83de9e\" data-element_type=\"widget\" data-widget_type=\"text-editor.default\">\n\t\t\t\t\t\t\t\t\t<p><a href=\"https:\/\/www.gira.de\/\" target=\"_blank\" rel=\"noopener\">Gira &#8211; Moderne Elektroinstallation<\/a><br \/>Gira ist einer der f\u00fchrenden Hersteller moderner Elektroinstallations- Systeme: Die Produktpalette umfasst neben unterschiedlichsten Schalterprogrammen auch vielf\u00e4ltigste Funktionen, wie Anschl\u00fcsse f\u00fcr Daten- und Kommunikationstechnologie, Alarmsysteme, ein Jalousiesteuerungs-System, ein T\u00fcrkommunikations-System und intelligente Installationssysteme f\u00fcr ein zukunftsorientiertes Geb\u00e4udemanagement.<\/p>\t\t\t\t\t\t\t\t<\/div>\n\t\t\t\t\t<\/div>\n\t\t\t\t<\/div>\n\t\t\t\t<\/div>\n\t\t","protected":false},"excerpt":{"rendered":"<p>Schr\u00e4nkler Elektrotechnikseit \u00fcber 30 Jahren Links Gira &#8211; Moderne ElektroinstallationGira ist einer der f\u00fchrenden Hersteller moderner Elektroinstallations- Systeme: Die Produktpalette umfasst neben unterschiedlichsten Schalterprogrammen auch vielf\u00e4ltigste Funktionen, wie Anschl\u00fcsse f\u00fcr Daten- und Kommunikationstechnologie, Alarmsysteme, ein Jalousiesteuerungs-System, ein T\u00fcrkommunikations-System und intelligente Installationssysteme f\u00fcr ein zukunftsorientiertes Geb\u00e4udemanagement.<\/p>\n","protected":false},"author":4,"featured_media":0,"parent":0,"menu_order":0,"comment_status":"closed","ping_status":"closed","template":"","meta":{"footnotes":""},"class_list":["post-132","page","type-page","status-publish","hentry"],"_links":{"self":[{"href":"https:\/\/schraenkler-elektrotechnik.de\/index.php?rest_route=\/wp\/v2\/pages\/132","targetHints":{"allow":["GET"]}}],"collection":[{"href":"https:\/\/schraenkler-elektrotechnik.de\/index.php?rest_route=\/wp\/v2\/pages"}],"about":[{"href":"https:\/\/schraenkler-elektrotechnik.de\/index.php?rest_route=\/wp\/v2\/types\/page"}],"author":[{"embeddable":true,"href":"https:\/\/schraenkler-elektrotechnik.de\/index.php?rest_route=\/wp\/v2\/users\/4"}],"replies":[{"embeddable":true,"href":"https:\/\/schraenkler-elektrotechnik.de\/index.php?rest_route=%2Fwp%2Fv2%2Fcomments&post=132"}],"version-history":[{"count":7,"href":"https:\/\/schraenkler-elektrotechnik.de\/index.php?rest_route=\/wp\/v2\/pages\/132\/revisions"}],"predecessor-version":[{"id":140,"href":"https:\/\/schraenkler-elektrotechnik.de\/index.php?rest_route=\/wp\/v2\/pages\/132\/revisions\/140"}],"wp:attachment":[{"href":"https:\/\/schraenkler-elektrotechnik.de\/index.php?rest_route=%2Fwp%2Fv2%2Fmedia&parent=132"}],"curies":[{"name":"wp","href":"https:\/\/api.w.org\/{rel}","templated":true}]}}